{"id":33,"date":"2017-08-01T14:10:32","date_gmt":"2017-08-01T14:10:32","guid":{"rendered":"http:\/\/www.innovaenterpriseefficiency.com?page_id=33"},"modified":"2020-02-10T11:42:38","modified_gmt":"2020-02-10T11:42:38","slug":"pagina-de-inicio","status":"publish","type":"page","link":"https:\/\/innovaenterpriseefficiency.com\/es\/","title":{"rendered":"Inicio"},"content":{"rendered":"<div class=\"wpb-content-wrapper\"><p>[vc_row][vc_column][vc_column_text]<\/p>\n<div class=\"page-slider\"><\/div>\n<div class=\"container\">\n<div class=\"row\">\n<div class=\"col-xs-12 slider\">\n<div class=\"row text-home\">\n<div class=\"col-xs-12 col-sm-4\">\n<p>[\/vc_column_text][\/vc_column][\/vc_row][vc_row full_width=\u00bbstretch_row_content\u00bb gap=\u00bb35&#8243; content_placement=\u00bbtop\u00bb][vc_column][vc_column_text]<\/p>\n<p id=\"tw-target-text\" class=\"tw-data-text tw-ta tw-text-small\" dir=\"ltr\" data-placeholder=\"Translation\"><strong><span lang=\"es\" tabindex=\"0\">El equipo de Innova Enterprise Efficiency trabaja con los clientes para reducir los gastos operativos a trav\u00e9s del conjunto \u00fanico y espec\u00edfico de estrategias que se destacan a continuaci\u00f3n.<\/span><\/strong><\/p>\n<p>[\/vc_column_text][\/vc_column][\/vc_row][vc_row full_width=\u00bbstretch_row_content\u00bb gap=\u00bb35&#8243; content_placement=\u00bbtop\u00bb][vc_column width=\u00bb1\/4&#8243;][vc_column_text]<\/p>\n<h3 style=\"text-align: center;\">Gestion de Energia<\/h3>\n<p>[\/vc_column_text][vc_single_image image=\u00bb1910&#8243; img_size=\u00bbmedium\u00bb alignment=\u00bbcenter\u00bb style=\u00bbvc_box_circle\u00bb][vc_column_text]<\/p>\n<p style=\"text-align: center;\">IEE es una empresa de consultor\u00eda especializada en gesti\u00f3n de la energ\u00eda con una amplia experiencia en la gesti\u00f3n de riesgos de productos b\u00e1sicos. Nuestra experiencia en la industria, junto con nuestro software patentado de subasta y gesti\u00f3n de datos y an\u00e1lisis, proporciona a cada cliente una soluci\u00f3n de energ\u00eda personalizada basada en inteligencia de mercado en tiempo real. Ayudamos a las organizaciones con todas sus necesidades energ\u00e9ticas, desde empresas globales hasta instituciones municipales y educativas, y usuarios de nivel medio y peque\u00f1o.<\/p>\n<p>[\/vc_column_text][\/vc_column][vc_column width=\u00bb1\/4&#8243;][vc_column_text]<\/p>\n<h3 style=\"text-align: center;\">Reducci\u00f3n del uso de Energ\u00eda<\/h3>\n<p>[\/vc_column_text][vc_single_image image=\u00bb1909&#8243; img_size=\u00bbmedium\u00bb alignment=\u00bbcenter\u00bb style=\u00bbvc_box_circle\u00bb][vc_column_text]<\/p>\n<p style=\"text-align: center;\">Desde hace mucho tiempo, IEE ha logrado brindar a los clientes soluciones para reducir su consumo de energ\u00eda, con un enfoque en Smart Motor Systems y conversiones de LED. El DOE ha demostrado que la soluci\u00f3n patentada de Motor Inteligente de IEE ahorra significativamente m\u00e1s que los motores de inducci\u00f3n comparables que funcionan con unidades de frecuencia variable. IEE adopta un enfoque independiente de la tecnolog\u00eda para dise\u00f1ar soluciones de iluminaci\u00f3n \u00fanicas para clientes comerciales, industriales y gubernamentales. Desde la calificaci\u00f3n y evaluaci\u00f3n del producto correcto para cada proyecto, hasta la amplia gama de servicios de log\u00edstica, gesti\u00f3n e implementaci\u00f3n del proyecto, IEE ha adquirido una reputaci\u00f3n s\u00f3lida y cre\u00edble a trav\u00e9s del dise\u00f1o e implementaci\u00f3n exitosos de nuestras medidas de eficiencia energ\u00e9tica.<\/p>\n<p>[\/vc_column_text][\/vc_column][vc_column width=\u00bb1\/4&#8243;][vc_column_text]<\/p>\n<h3 style=\"text-align: center;\">Generacion de Energia<\/h3>\n<p>[\/vc_column_text][vc_single_image image=\u00bb1911&#8243; img_size=\u00bbmedium\u00bb alignment=\u00bbcenter\u00bb style=\u00bbvc_box_circle\u00bb][vc_column_text]<\/p>\n<p style=\"text-align: center;\">IEE es un inversor y desarrollador activo de proyectos de energ\u00eda renovable, que se centra principalmente en los activos generadores de energ\u00eda solar, e\u00f3lica y de vapor. Nuestro mandato es lograr rendimientos financieros atractivos a la vez que fomentamos el avance de la energ\u00eda limpia, identificando oportunidades a lo largo del ciclo de vida del proyecto, desde la preconstrucci\u00f3n hasta los activos generadores de energ\u00eda.<\/p>\n<p>[\/vc_column_text][\/vc_column][vc_column width=\u00bb1\/4&#8243;][vc_column_text]<\/p>\n<h3 style=\"text-align: center;\">Eficiencia operacional<\/h3>\n<p>[\/vc_column_text][vc_single_image image=\u00bb1990&#8243; img_size=\u00bbmedium\u00bb alignment=\u00bbcenter\u00bb style=\u00bbvc_box_circle\u00bb][vc_column_text]<\/p>\n<p style=\"text-align: center;\">Los socios de IEE con clientes reducen los gastos para mejorar los resultados finales. Nuestro \u00e9xito aqu\u00ed se centra en ayudar a las empresas a controlar los costos de atenci\u00f3n m\u00e9dica al cambiar a un modelo autoasegurado y a reducir los costos de las acciones cotidianas, como el procesamiento de tarjetas de cr\u00e9dito.<\/p>\n<p>[\/vc_column_text][\/vc_column][\/vc_row][vc_row][vc_column][vc_column_text]<\/p>\n<\/div>\n<\/div>\n<\/div>\n<\/div>\n<\/div>\n<p>[\/vc_column_text][\/vc_column][\/vc_row]<\/p>\n<\/div>","protected":false},"excerpt":{"rendered":"<p>[vc_row][vc_column][vc_column_text] [\/vc_column_text][\/vc_column][\/vc_row][vc_row full_width=\u00bbstretch_row_content\u00bb gap=\u00bb35&#8243; content_placement=\u00bbtop\u00bb][vc_column][vc_column_text] El equipo de Innova Enterprise Efficiency trabaja con los clientes para reducir los gastos operativos a trav\u00e9s del conjunto \u00fanico y espec\u00edfico de estrategias que se destacan a continuaci\u00f3n. [\/vc_column_text][\/vc_column][\/vc_row][vc_row full_width=\u00bbstretch_row_content\u00bb gap=\u00bb35&#8243; content_placement=\u00bbtop\u00bb][vc_column width=\u00bb1\/4&#8243;][vc_column_text] Gestion de Energia [\/vc_column_text][vc_single_image image=\u00bb1910&#8243; img_size=\u00bbmedium\u00bb alignment=\u00bbcenter\u00bb style=\u00bbvc_box_circle\u00bb][vc_column_text] IEE es una empresa de consultor\u00eda especializada en [&hellip;]<\/p>\n","protected":false},"author":1,"featured_media":0,"parent":0,"menu_order":0,"comment_status":"closed","ping_status":"closed","template":"","meta":{"footnotes":""},"class_list":["post-33","page","type-page","status-publish","hentry"],"_links":{"self":[{"href":"https:\/\/innovaenterpriseefficiency.com\/es\/wp-json\/wp\/v2\/pages\/33","targetHints":{"allow":["GET"]}}],"collection":[{"href":"https:\/\/innovaenterpriseefficiency.com\/es\/wp-json\/wp\/v2\/pages"}],"about":[{"href":"https:\/\/innovaenterpriseefficiency.com\/es\/wp-json\/wp\/v2\/types\/page"}],"author":[{"embeddable":true,"href":"https:\/\/innovaenterpriseefficiency.com\/es\/wp-json\/wp\/v2\/users\/1"}],"replies":[{"embeddable":true,"href":"https:\/\/innovaenterpriseefficiency.com\/es\/wp-json\/wp\/v2\/comments?post=33"}],"version-history":[{"count":130,"href":"https:\/\/innovaenterpriseefficiency.com\/es\/wp-json\/wp\/v2\/pages\/33\/revisions"}],"predecessor-version":[{"id":2039,"href":"https:\/\/innovaenterpriseefficiency.com\/es\/wp-json\/wp\/v2\/pages\/33\/revisions\/2039"}],"wp:attachment":[{"href":"https:\/\/innovaenterpriseefficiency.com\/es\/wp-json\/wp\/v2\/media?parent=33"}],"curies":[{"name":"wp","href":"https:\/\/api.w.org\/{rel}","templated":true}]}}